{"id":677,"date":"2022-12-02T12:26:27","date_gmt":"2022-12-02T12:26:27","guid":{"rendered":"https:\/\/www.alpesagency.com\/cookie-policy\/"},"modified":"2025-02-23T03:16:24","modified_gmt":"2025-02-23T03:16:24","slug":"cookie-policy","status":"publish","type":"page","link":"https:\/\/www.alpesagency.com\/fr\/cookie-policy\/","title":{"rendered":"Cookie Policy"},"content":{"rendered":"<p data-start=\"111\" data-end=\"135\"><strong data-start=\"111\" data-end=\"135\">Politique de Cookies<\/strong><\/p>\n<p data-start=\"137\" data-end=\"478\"><strong data-start=\"137\" data-end=\"156\">1. Introduction<\/strong><br data-start=\"156\" data-end=\"159\" \/>La pr\u00e9sente politique de cookies a pour but d&rsquo;informer les utilisateurs de Alpes Agency.com sur l\u2019utilisation des cookies et autres technologies similaires sur notre site web. En poursuivant votre navigation sur ce site, vous acceptez l\u2019utilisation de ces technologies conform\u00e9ment aux termes d\u00e9crits dans cette politique.<\/p>\n<p data-start=\"480\" data-end=\"752\"><strong data-start=\"480\" data-end=\"511\">2. Qu\u2019est-ce qu\u2019un cookie ?<\/strong><br data-start=\"511\" data-end=\"514\" \/>Un cookie est un petit fichier texte plac\u00e9 sur votre appareil par votre navigateur lorsque vous visitez un site web. Il permet notamment de m\u00e9moriser vos pr\u00e9f\u00e9rences, de faciliter la navigation et d\u2019am\u00e9liorer votre exp\u00e9rience utilisateur.<\/p>\n<p data-start=\"754\" data-end=\"792\"><strong data-start=\"754\" data-end=\"790\">3. Les types de cookies utilis\u00e9s<\/strong><\/p>\n<ul data-start=\"793\" data-end=\"1646\">\n<li data-start=\"793\" data-end=\"1018\">\n<p data-start=\"795\" data-end=\"1018\"><strong data-start=\"795\" data-end=\"832\">Cookies strictement n\u00e9cessaires :<\/strong><br data-start=\"832\" data-end=\"835\" \/>Ces cookies sont indispensables au fonctionnement du site. Ils vous permettent, par exemple, d\u2019acc\u00e9der \u00e0 des zones s\u00e9curis\u00e9es et de m\u00e9moriser des choix comme la langue ou la r\u00e9gion.<\/p>\n<\/li>\n<li data-start=\"1020\" data-end=\"1270\">\n<p data-start=\"1022\" data-end=\"1270\"><strong data-start=\"1022\" data-end=\"1063\">Cookies de performance et d\u2019analyse :<\/strong><br data-start=\"1063\" data-end=\"1066\" \/>Ces cookies collectent des informations sur la mani\u00e8re dont les visiteurs utilisent notre site (pages consult\u00e9es, messages d\u2019erreur, etc.). Ces donn\u00e9es nous aident \u00e0 optimiser et am\u00e9liorer nos services.<\/p>\n<\/li>\n<li data-start=\"1272\" data-end=\"1450\">\n<p data-start=\"1274\" data-end=\"1450\"><strong data-start=\"1274\" data-end=\"1305\">Cookies de fonctionnalit\u00e9 :<\/strong><br data-start=\"1305\" data-end=\"1308\" \/>Ces cookies permettent au site de se souvenir de vos choix (identifiants, pr\u00e9f\u00e9rences de langue, etc.) et de personnaliser votre exp\u00e9rience.<\/p>\n<\/li>\n<li data-start=\"1452\" data-end=\"1646\">\n<p data-start=\"1454\" data-end=\"1646\"><strong data-start=\"1454\" data-end=\"1481\">Cookies publicitaires :<\/strong><br data-start=\"1481\" data-end=\"1484\" \/>Utilis\u00e9s pour afficher des publicit\u00e9s adapt\u00e9es \u00e0 vos centres d\u2019int\u00e9r\u00eat, ces cookies permettent \u00e9galement de mesurer l\u2019efficacit\u00e9 de nos campagnes publicitaires.<\/p>\n<\/li>\n<\/ul>\n<p data-start=\"1648\" data-end=\"1930\"><strong data-start=\"1648\" data-end=\"1668\">4. Cookies tiers<\/strong><br data-start=\"1668\" data-end=\"1671\" \/>Nous pouvons faire appel \u00e0 des prestataires tiers qui d\u00e9posent des cookies sur notre site \u00e0 des fins statistiques ou publicitaires. Ces cookies sont soumis aux conditions et politiques de confidentialit\u00e9 de ces tiers et nous n\u2019en avons pas le contr\u00f4le direct.<\/p>\n<p data-start=\"1932\" data-end=\"2206\"><strong data-start=\"1932\" data-end=\"1958\">5. Gestion des cookies<\/strong><br data-start=\"1958\" data-end=\"1961\" \/>Vous avez la possibilit\u00e9 de g\u00e9rer, bloquer ou supprimer les cookies via les param\u00e8tres de votre navigateur. Veuillez noter que la d\u00e9sactivation de certains cookies pourrait affecter la fonctionnalit\u00e9 et l\u2019exp\u00e9rience de navigation sur notre site.<\/p>\n<p data-start=\"2208\" data-end=\"2444\"><strong data-start=\"2208\" data-end=\"2247\">6. Modifications de cette politique<\/strong><br data-start=\"2247\" data-end=\"2250\" \/>Nous nous r\u00e9servons le droit de modifier cette politique de cookies \u00e0 tout moment. Toute modification sera publi\u00e9e sur cette page et la date de mise \u00e0 jour sera indiqu\u00e9e en haut de la politique.<\/p>\n<p data-start=\"2446\" data-end=\"2597\"><strong data-start=\"2446\" data-end=\"2460\">7. Contact<\/strong><br data-start=\"2460\" data-end=\"2463\" \/>Pour toute question relative \u00e0 notre politique de cookies, veuillez nous contacter \u00e0 l\u2019adresse suivante : accounts@alpesagency.com<\/p>\n","protected":false},"excerpt":{"rendered":"Politique de Cookies 1. IntroductionLa pr\u00e9sente politique de cookies a pour but d&rsquo;informer les utilisateurs de Alpes Agency.com sur l\u2019utilisation des cookies et autres technologies similaires sur notre site web. En poursuivant votre navigation sur ce site, vous acceptez l\u2019utilisation de ces technologies conform\u00e9ment aux termes d\u00e9crits dans cette politique. 2. Qu\u2019est-ce qu\u2019un cookie ?Un [&hellip;]","protected":false},"author":1,"featured_media":0,"parent":0,"menu_order":0,"comment_status":"closed","ping_status":"closed","template":"","meta":{"_acf_changed":false,"footnotes":""},"class_list":["post-677","page","type-page","status-publish","hentry"],"acf":[],"yoast_head":"<!-- This site is optimized with the Yoast SEO Premium plugin v23.7 (Yoast SEO v26.7) - https:\/\/yoast.com\/wordpress\/plugins\/seo\/ -->\n<title>Cookie Policy | Alpes Agency<\/title>\n<meta name=\"robots\" content=\"index, follow, max-snippet:-1, max-image-preview:large, max-video-preview:-1\" \/>\n<link rel=\"canonical\" href=\"https:\/\/www.alpesagency.com\/fr\/cookie-policy\/\" \/>\n<meta property=\"og:locale\" content=\"fr_FR\" \/>\n<meta property=\"og:type\" content=\"article\" \/>\n<meta property=\"og:title\" content=\"Cookie Policy\" \/>\n<meta property=\"og:description\" content=\"Politique de Cookies 1. IntroductionLa pr\u00e9sente politique de cookies a pour but d&rsquo;informer les utilisateurs de Alpes Agency.com sur l\u2019utilisation des cookies et autres technologies similaires sur notre site web. En poursuivant votre navigation sur ce site, vous acceptez l\u2019utilisation de ces technologies conform\u00e9ment aux termes d\u00e9crits dans cette politique. 2. Qu\u2019est-ce qu\u2019un cookie ?Un [&hellip;]\" \/>\n<meta property=\"og:url\" content=\"https:\/\/www.alpesagency.com\/fr\/cookie-policy\/\" \/>\n<meta property=\"og:site_name\" content=\"Alpes Agency\" \/>\n<meta property=\"article:publisher\" content=\"https:\/\/www.facebook.com\/alpesagencychamonix\/\" \/>\n<meta property=\"article:modified_time\" content=\"2025-02-23T03:16:24+00:00\" \/>\n<meta property=\"og:image\" content=\"https:\/\/www.alpesagency.com\/wp-content\/uploads\/2023\/02\/room.jpg\" \/>\n\t<meta property=\"og:image:width\" content=\"1320\" \/>\n\t<meta property=\"og:image:height\" content=\"800\" \/>\n\t<meta property=\"og:image:type\" content=\"image\/jpeg\" \/>\n<meta name=\"twitter:card\" content=\"summary_large_image\" \/>\n<meta name=\"twitter:label1\" content=\"Dur\u00e9e de lecture estim\u00e9e\" \/>\n\t<meta name=\"twitter:data1\" content=\"2 minutes\" \/>\n<script type=\"application\/ld+json\" class=\"yoast-schema-graph\">{\"@context\":\"https:\/\/schema.org\",\"@graph\":[{\"@type\":\"WebPage\",\"@id\":\"https:\/\/www.alpesagency.com\/fr\/cookie-policy\/\",\"url\":\"https:\/\/www.alpesagency.com\/fr\/cookie-policy\/\",\"name\":\"Cookie Policy | Alpes Agency\",\"isPartOf\":{\"@id\":\"https:\/\/www.alpesagency.com\/#website\"},\"datePublished\":\"2022-12-02T12:26:27+00:00\",\"dateModified\":\"2025-02-23T03:16:24+00:00\",\"breadcrumb\":{\"@id\":\"https:\/\/www.alpesagency.com\/fr\/cookie-policy\/#breadcrumb\"},\"inLanguage\":\"fr-FR\",\"potentialAction\":[{\"@type\":\"ReadAction\",\"target\":[\"https:\/\/www.alpesagency.com\/fr\/cookie-policy\/\"]}]},{\"@type\":\"BreadcrumbList\",\"@id\":\"https:\/\/www.alpesagency.com\/fr\/cookie-policy\/#breadcrumb\",\"itemListElement\":[{\"@type\":\"ListItem\",\"position\":1,\"name\":\"Home\",\"item\":\"https:\/\/www.alpesagency.com\/fr\/\"},{\"@type\":\"ListItem\",\"position\":2,\"name\":\"Cookie Policy\"}]},{\"@type\":\"WebSite\",\"@id\":\"https:\/\/www.alpesagency.com\/#website\",\"url\":\"https:\/\/www.alpesagency.com\/\",\"name\":\"Alpes Agency\",\"description\":\"Chalet holidays in the French Alpes\",\"publisher\":{\"@id\":\"https:\/\/www.alpesagency.com\/#organization\"},\"alternateName\":\"Alpes\",\"potentialAction\":[{\"@type\":\"SearchAction\",\"target\":{\"@type\":\"EntryPoint\",\"urlTemplate\":\"https:\/\/www.alpesagency.com\/?s={search_term_string}\"},\"query-input\":{\"@type\":\"PropertyValueSpecification\",\"valueRequired\":true,\"valueName\":\"search_term_string\"}}],\"inLanguage\":\"fr-FR\"},{\"@type\":\"Organization\",\"@id\":\"https:\/\/www.alpesagency.com\/#organization\",\"name\":\"Alpes Agency\",\"alternateName\":\"Alpes\",\"url\":\"https:\/\/www.alpesagency.com\/\",\"logo\":{\"@type\":\"ImageObject\",\"inLanguage\":\"fr-FR\",\"@id\":\"https:\/\/www.alpesagency.com\/#\/schema\/logo\/image\/\",\"url\":\"https:\/\/www.alpesagency.com\/wp-content\/uploads\/2023\/02\/room.jpg\",\"contentUrl\":\"https:\/\/www.alpesagency.com\/wp-content\/uploads\/2023\/02\/room.jpg\",\"width\":1320,\"height\":800,\"caption\":\"Alpes Agency\"},\"image\":{\"@id\":\"https:\/\/www.alpesagency.com\/#\/schema\/logo\/image\/\"},\"sameAs\":[\"https:\/\/www.facebook.com\/alpesagencychamonix\/\"]}]}<\/script>\n<!-- \/ Yoast SEO Premium plugin. -->","yoast_head_json":{"title":"Cookie Policy | Alpes Agency","robots":{"index":"index","follow":"follow","max-snippet":"max-snippet:-1","max-image-preview":"max-image-preview:large","max-video-preview":"max-video-preview:-1"},"canonical":"https:\/\/www.alpesagency.com\/fr\/cookie-policy\/","og_locale":"fr_FR","og_type":"article","og_title":"Cookie Policy","og_description":"Politique de Cookies 1. IntroductionLa pr\u00e9sente politique de cookies a pour but d&rsquo;informer les utilisateurs de Alpes Agency.com sur l\u2019utilisation des cookies et autres technologies similaires sur notre site web. En poursuivant votre navigation sur ce site, vous acceptez l\u2019utilisation de ces technologies conform\u00e9ment aux termes d\u00e9crits dans cette politique. 2. Qu\u2019est-ce qu\u2019un cookie ?Un [&hellip;]","og_url":"https:\/\/www.alpesagency.com\/fr\/cookie-policy\/","og_site_name":"Alpes Agency","article_publisher":"https:\/\/www.facebook.com\/alpesagencychamonix\/","article_modified_time":"2025-02-23T03:16:24+00:00","og_image":[{"width":1320,"height":800,"url":"https:\/\/www.alpesagency.com\/wp-content\/uploads\/2023\/02\/room.jpg","type":"image\/jpeg"}],"twitter_card":"summary_large_image","twitter_misc":{"Dur\u00e9e de lecture estim\u00e9e":"2 minutes"},"schema":{"@context":"https:\/\/schema.org","@graph":[{"@type":"WebPage","@id":"https:\/\/www.alpesagency.com\/fr\/cookie-policy\/","url":"https:\/\/www.alpesagency.com\/fr\/cookie-policy\/","name":"Cookie Policy | Alpes Agency","isPartOf":{"@id":"https:\/\/www.alpesagency.com\/#website"},"datePublished":"2022-12-02T12:26:27+00:00","dateModified":"2025-02-23T03:16:24+00:00","breadcrumb":{"@id":"https:\/\/www.alpesagency.com\/fr\/cookie-policy\/#breadcrumb"},"inLanguage":"fr-FR","potentialAction":[{"@type":"ReadAction","target":["https:\/\/www.alpesagency.com\/fr\/cookie-policy\/"]}]},{"@type":"BreadcrumbList","@id":"https:\/\/www.alpesagency.com\/fr\/cookie-policy\/#breadcrumb","itemListElement":[{"@type":"ListItem","position":1,"name":"Home","item":"https:\/\/www.alpesagency.com\/fr\/"},{"@type":"ListItem","position":2,"name":"Cookie Policy"}]},{"@type":"WebSite","@id":"https:\/\/www.alpesagency.com\/#website","url":"https:\/\/www.alpesagency.com\/","name":"Alpes Agency","description":"Chalet holidays in the French Alpes","publisher":{"@id":"https:\/\/www.alpesagency.com\/#organization"},"alternateName":"Alpes","potentialAction":[{"@type":"SearchAction","target":{"@type":"EntryPoint","urlTemplate":"https:\/\/www.alpesagency.com\/?s={search_term_string}"},"query-input":{"@type":"PropertyValueSpecification","valueRequired":true,"valueName":"search_term_string"}}],"inLanguage":"fr-FR"},{"@type":"Organization","@id":"https:\/\/www.alpesagency.com\/#organization","name":"Alpes Agency","alternateName":"Alpes","url":"https:\/\/www.alpesagency.com\/","logo":{"@type":"ImageObject","inLanguage":"fr-FR","@id":"https:\/\/www.alpesagency.com\/#\/schema\/logo\/image\/","url":"https:\/\/www.alpesagency.com\/wp-content\/uploads\/2023\/02\/room.jpg","contentUrl":"https:\/\/www.alpesagency.com\/wp-content\/uploads\/2023\/02\/room.jpg","width":1320,"height":800,"caption":"Alpes Agency"},"image":{"@id":"https:\/\/www.alpesagency.com\/#\/schema\/logo\/image\/"},"sameAs":["https:\/\/www.facebook.com\/alpesagencychamonix\/"]}]}},"_links":{"self":[{"href":"https:\/\/www.alpesagency.com\/fr\/wp-json\/wp\/v2\/pages\/677","targetHints":{"allow":["GET"]}}],"collection":[{"href":"https:\/\/www.alpesagency.com\/fr\/wp-json\/wp\/v2\/pages"}],"about":[{"href":"https:\/\/www.alpesagency.com\/fr\/wp-json\/wp\/v2\/types\/page"}],"author":[{"embeddable":true,"href":"https:\/\/www.alpesagency.com\/fr\/wp-json\/wp\/v2\/users\/1"}],"replies":[{"embeddable":true,"href":"https:\/\/www.alpesagency.com\/fr\/wp-json\/wp\/v2\/comments?post=677"}],"version-history":[{"count":2,"href":"https:\/\/www.alpesagency.com\/fr\/wp-json\/wp\/v2\/pages\/677\/revisions"}],"predecessor-version":[{"id":9561,"href":"https:\/\/www.alpesagency.com\/fr\/wp-json\/wp\/v2\/pages\/677\/revisions\/9561"}],"wp:attachment":[{"href":"https:\/\/www.alpesagency.com\/fr\/wp-json\/wp\/v2\/media?parent=677"}],"curies":[{"name":"wp","href":"https:\/\/api.w.org\/{rel}","templated":true}]}}