{"id":10269,"date":"2025-06-10T14:44:31","date_gmt":"2025-06-10T14:44:31","guid":{"rendered":"https:\/\/www.alpesagency.com\/?page_id=10269"},"modified":"2026-04-16T14:28:02","modified_gmt":"2026-04-16T14:28:02","slug":"legal-notice-mandatory-information","status":"publish","type":"page","link":"https:\/\/www.alpesagency.com\/fr\/legal-notice-mandatory-information\/","title":{"rendered":"Mentions L\u00e9gales &#038; Informations Obligatoires"},"content":{"rendered":"<p data-start=\"289\" data-end=\"311\"><strong data-start=\"292\" data-end=\"311\">\u00c9diteur du Site<\/strong><\/p>\n<p data-start=\"312\" data-end=\"590\"><strong data-start=\"312\" data-end=\"329\">Cook Location<\/strong>, op\u00e9rant sous le nom commercial <strong data-start=\"362\" data-end=\"380\">Alpes Agency<\/strong><br data-start=\"380\" data-end=\"383\" \/>Si\u00e8ge social : 27 Avenue du Savoy, 74400 Chamonix-Mont-Blanc, France<br data-start=\"451\" data-end=\"454\" \/>SIRET : 927 457 606 00014<br data-start=\"479\" data-end=\"482\" \/>RCS Annecy : 927 457 606<br data-start=\"506\" data-end=\"509\" \/>Capital social : 5 000,00 \u20ac<br data-start=\"565\" data-end=\"568\" \/>Email : accounts@alpesagency.com<\/p>\n<hr data-start=\"592\" data-end=\"595\" \/>\n<p data-start=\"597\" data-end=\"623\"><strong data-start=\"600\" data-end=\"623\">H\u00e9bergement du Site<\/strong><\/p>\n<p data-start=\"624\" data-end=\"778\">Nom de l&rsquo;h\u00e9bergeur : IONOS<\/p>\n<hr data-start=\"780\" data-end=\"783\" \/>\n<p data-start=\"785\" data-end=\"813\"><strong data-start=\"788\" data-end=\"813\">Carte Professionnelle<\/strong><\/p>\n<p data-start=\"814\" data-end=\"1064\">Carte professionnelle n\u00b0 <strong data-start=\"839\" data-end=\"868\">CPI 7401 2024 000 000 038<\/strong><br data-start=\"868\" data-end=\"871\" \/>D\u00e9livr\u00e9e par la <strong data-start=\"887\" data-end=\"910\">CCI de Haute-Savoie<\/strong><br data-start=\"910\" data-end=\"913\" \/>Activit\u00e9s couvertes : <strong data-start=\"935\" data-end=\"1006\">Transaction sur immeubles et fonds de commerce, Gestion immobili\u00e8re<\/strong><br data-start=\"1006\" data-end=\"1009\" \/>Adresse : 27 Avenue du Savoy, 74400 Chamonix-Mont-Blanc<\/p>\n<hr data-start=\"1066\" data-end=\"1069\" \/>\n<p data-start=\"1071\" data-end=\"1125\"><strong data-start=\"1074\" data-end=\"1125\">Assurance Responsabilit\u00e9 Civile Professionnelle<\/strong><\/p>\n<p data-start=\"1126\" data-end=\"1416\">Assureur : <strong data-start=\"1137\" data-end=\"1157\">QBE Europe SA\/NV<\/strong>, succursale de France<br data-start=\"1179\" data-end=\"1182\" \/>Contrat n\u00b0 <strong data-start=\"1193\" data-end=\"1208\">QRCAI000365<\/strong><br data-start=\"1208\" data-end=\"1211\" \/>Couverture : Transactions et gestion immobili\u00e8res<br data-start=\"1316\" data-end=\"1319\" \/>Courtier : <strong data-start=\"1330\" data-end=\"1344\">+Simple.fr<\/strong>, 2 rue Grignan, 13001 Marseille<br data-start=\"1376\" data-end=\"1379\" \/><button class=\"ms-1 flex h-[22px] items-center rounded-xl px-2 relative bottom-[-2px] bg-[#f4f4f4] text-token-text-secondary! hover:bg-token-bg-secondary dark:bg-token-main-surface-secondary dark:hover:bg-token-bg-secondary\"><\/button><\/p>\n<hr data-start=\"1418\" data-end=\"1421\" \/>\n<p data-start=\"1423\" data-end=\"1449\"><strong data-start=\"1426\" data-end=\"1449\">Garantie Financi\u00e8re<\/strong><\/p>\n<p data-start=\"1450\" data-end=\"1728\">Montant garanti : <strong data-start=\"1468\" data-end=\"1484\">110 000,00 \u20ac<\/strong><br data-start=\"1484\" data-end=\"1487\" \/>Contrat n\u00b0 <strong data-start=\"1498\" data-end=\"1516\">QRCAI000365-GF<\/strong><br data-start=\"1516\" data-end=\"1519\" \/>Assureur : <strong data-start=\"1530\" data-end=\"1550\">QBE Europe SA\/NV<\/strong>, succursale de France<br data-start=\"1572\" data-end=\"1575\" \/>Courtier : <strong data-start=\"1586\" data-end=\"1600\">+Simple.fr<\/strong>, 2 rue Grignan, 13001 Marseille<br data-start=\"1688\" data-end=\"1691\" \/><button class=\"ms-1 flex h-[22px] items-center rounded-xl px-2 relative bottom-[-2px] bg-[#f4f4f4] text-token-text-secondary! hover:bg-token-bg-secondary dark:bg-token-main-surface-secondary dark:hover:bg-token-bg-secondary\"><\/button><\/p>\n<hr data-start=\"1730\" data-end=\"1733\" \/>\n<p data-start=\"1735\" data-end=\"1763\"><strong data-start=\"1738\" data-end=\"1763\">Bar\u00e8me des Honoraires<\/strong><\/p>\n<h3 data-start=\"1765\" data-end=\"1795\"><strong data-start=\"1769\" data-end=\"1795\">Location Saisonni\u00e8re :<\/strong><\/h3>\n<ul data-start=\"1796\" data-end=\"1885\">\n<li data-start=\"1796\" data-end=\"1848\">\n<p data-start=\"1798\" data-end=\"1848\">Commission de <strong data-start=\"1812\" data-end=\"1822\">20% HT<\/strong> sur le montant du loyer, TVA @ 20%<\/p>\n<\/li>\n<li data-start=\"1849\" data-end=\"1885\">\n<p data-start=\"1851\" data-end=\"1885\">Honoraires \u00e0 la charge du bailleur<\/p>\n<\/li>\n<\/ul>\n<p data-start=\"1887\" data-end=\"1914\"><strong data-start=\"1891\" data-end=\"1914\">Vente Immobili\u00e8re :<\/strong><\/p>\n<ul data-start=\"1915\" data-end=\"2041\">\n<li data-start=\"1915\" data-end=\"1968\">\n<p data-start=\"1917\" data-end=\"1968\">Commission de <strong data-start=\"1931\" data-end=\"1941\">5% TTC<\/strong> (TVA inclus @ 20%)\u00a0 du prix de vente affich\u00e9, 4% (TVA inclus @ 20%) pour mandat exclusif.<\/p>\n<\/li>\n<li data-start=\"1969\" data-end=\"2041\">\n<p data-start=\"1971\" data-end=\"2041\">Honoraires \u00e0 la charge du <strong data-start=\"1997\" data-end=\"2008\">vendeur<\/strong>, <strong data-start=\"2010\" data-end=\"2020\">inclus<\/strong> dans le prix annonc\u00e9<\/p>\n<\/li>\n<\/ul>\n<hr data-start=\"2043\" data-end=\"2046\" \/>\n<p data-start=\"2048\" data-end=\"2082\"><strong data-start=\"2051\" data-end=\"2082\">M\u00e9diation \u00e0 la Consommation<\/strong><\/p>\n<p data-start=\"2083\" data-end=\"2228\">Conform\u00e9ment \u00e0 l\u2019article L.612-1 du Code de la consommation, vous avez la possibilit\u00e9 de recourir gratuitement \u00e0 un m\u00e9diateur de la consommation.<\/p>\n<p data-start=\"2230\" data-end=\"2400\">M\u00e9diateur r\u00e9f\u00e9rent :<br data-start=\"2250\" data-end=\"2253\" \/><strong data-start=\"2253\" data-end=\"2269\">M\u00e9dimmoconso<\/strong><br data-start=\"2269\" data-end=\"2272\" \/>1 All\u00e9e du Parc de Mesemena \u2013 B\u00e2t A \u2013 CS25222 \u2013 44505 La Baule Cedex<br data-start=\"2340\" data-end=\"2343\" \/>Site : <a class=\"\" href=\"https:\/\/www.medimmoconso.fr\" target=\"_new\" rel=\"noopener\" data-start=\"2350\" data-end=\"2400\">www.medimmoconso.fr<\/a><\/p>\n<hr data-start=\"2402\" data-end=\"2405\" \/>\n<p data-start=\"2407\" data-end=\"2449\"><strong data-start=\"2410\" data-end=\"2449\">Politique de Confidentialit\u00e9 &amp; RGPD<\/strong><\/p>\n<p data-start=\"2450\" data-end=\"2702\">Nous collectons et traitons vos donn\u00e9es personnelles conform\u00e9ment au RGPD. Pour plus d\u2019informations, veuillez consulter notre <a class=\"\" href=\"#\" rel=\"noopener\" data-start=\"2576\" data-end=\"2609\">politique de confidentialit\u00e9<\/a>.<br data-start=\"2610\" data-end=\"2613\" \/>Ce site utilise des cookies. Vous pouvez g\u00e9rer vos pr\u00e9f\u00e9rences d\u00e8s votre premi\u00e8re visite.<\/p>\n<hr data-start=\"2704\" data-end=\"2707\" \/>\n<p data-start=\"2709\" data-end=\"2751\"><strong data-start=\"2712\" data-end=\"2751\">Agents Commerciaux (le cas \u00e9ch\u00e9ant)<\/strong><\/p>\n<p data-start=\"2752\" data-end=\"2920\">Les agents commerciaux intervenant pour le compte de Cook Location \/ Alpes Agency sont inscrits au RSAC et agissent en tant que mandataires ind\u00e9pendants sous contrat.<\/p>\n","protected":false},"excerpt":{"rendered":"\u00c9diteur du Site Cook Location, op\u00e9rant sous le nom commercial Alpes AgencySi\u00e8ge social : 27 Avenue du Savoy, 74400 Chamonix-Mont-Blanc, FranceSIRET : 927 457 606 00014RCS Annecy : 927 457 606Capital social : 5 000,00 \u20acEmail : accounts@alpesagency.com H\u00e9bergement du Site Nom de l&rsquo;h\u00e9bergeur : IONOS Carte Professionnelle Carte professionnelle n\u00b0 CPI 7401 2024 000 [&hellip;]","protected":false},"author":2,"featured_media":0,"parent":0,"menu_order":0,"comment_status":"closed","ping_status":"closed","template":"","meta":{"_acf_changed":false,"footnotes":""},"class_list":["post-10269","page","type-page","status-publish","hentry"],"acf":[],"yoast_head":"<!-- This site is optimized with the Yoast SEO Premium plugin v23.7 (Yoast SEO v26.7) - https:\/\/yoast.com\/wordpress\/plugins\/seo\/ -->\n<title>Mentions L\u00e9gales &amp; Informations Obligatoires | Alpes Agency<\/title>\n<meta name=\"robots\" content=\"index, follow, max-snippet:-1, max-image-preview:large, max-video-preview:-1\" \/>\n<link rel=\"canonical\" href=\"https:\/\/www.alpesagency.com\/fr\/legal-notice-mandatory-information\/\" \/>\n<meta property=\"og:locale\" content=\"fr_FR\" \/>\n<meta property=\"og:type\" content=\"article\" \/>\n<meta property=\"og:title\" content=\"Mentions L\u00e9gales &amp; Informations Obligatoires\" \/>\n<meta property=\"og:description\" content=\"\u00c9diteur du Site Cook Location, op\u00e9rant sous le nom commercial Alpes AgencySi\u00e8ge social : 27 Avenue du Savoy, 74400 Chamonix-Mont-Blanc, FranceSIRET : 927 457 606 00014RCS Annecy : 927 457 606Capital social : 5 000,00 \u20acEmail : accounts@alpesagency.com H\u00e9bergement du Site Nom de l&rsquo;h\u00e9bergeur : IONOS Carte Professionnelle Carte professionnelle n\u00b0 CPI 7401 2024 000 [&hellip;]\" \/>\n<meta property=\"og:url\" content=\"https:\/\/www.alpesagency.com\/fr\/legal-notice-mandatory-information\/\" \/>\n<meta property=\"og:site_name\" content=\"Alpes Agency\" \/>\n<meta property=\"article:publisher\" content=\"https:\/\/www.facebook.com\/alpesagencychamonix\/\" \/>\n<meta property=\"article:modified_time\" content=\"2026-04-16T14:28:02+00:00\" \/>\n<meta property=\"og:image\" content=\"https:\/\/www.alpesagency.com\/wp-content\/uploads\/2023\/02\/room.jpg\" \/>\n\t<meta property=\"og:image:width\" content=\"1320\" \/>\n\t<meta property=\"og:image:height\" content=\"800\" \/>\n\t<meta property=\"og:image:type\" content=\"image\/jpeg\" \/>\n<meta name=\"twitter:card\" content=\"summary_large_image\" \/>\n<meta name=\"twitter:label1\" content=\"Dur\u00e9e de lecture estim\u00e9e\" \/>\n\t<meta name=\"twitter:data1\" content=\"2 minutes\" \/>\n<script type=\"application\/ld+json\" class=\"yoast-schema-graph\">{\"@context\":\"https:\/\/schema.org\",\"@graph\":[{\"@type\":\"WebPage\",\"@id\":\"https:\/\/www.alpesagency.com\/fr\/legal-notice-mandatory-information\/\",\"url\":\"https:\/\/www.alpesagency.com\/fr\/legal-notice-mandatory-information\/\",\"name\":\"Mentions L\u00e9gales & Informations Obligatoires | Alpes Agency\",\"isPartOf\":{\"@id\":\"https:\/\/www.alpesagency.com\/#website\"},\"datePublished\":\"2025-06-10T14:44:31+00:00\",\"dateModified\":\"2026-04-16T14:28:02+00:00\",\"breadcrumb\":{\"@id\":\"https:\/\/www.alpesagency.com\/fr\/legal-notice-mandatory-information\/#breadcrumb\"},\"inLanguage\":\"fr-FR\",\"potentialAction\":[{\"@type\":\"ReadAction\",\"target\":[\"https:\/\/www.alpesagency.com\/fr\/legal-notice-mandatory-information\/\"]}]},{\"@type\":\"BreadcrumbList\",\"@id\":\"https:\/\/www.alpesagency.com\/fr\/legal-notice-mandatory-information\/#breadcrumb\",\"itemListElement\":[{\"@type\":\"ListItem\",\"position\":1,\"name\":\"Home\",\"item\":\"https:\/\/www.alpesagency.com\/fr\/\"},{\"@type\":\"ListItem\",\"position\":2,\"name\":\"Mentions L\u00e9gales &#038; Informations Obligatoires\"}]},{\"@type\":\"WebSite\",\"@id\":\"https:\/\/www.alpesagency.com\/#website\",\"url\":\"https:\/\/www.alpesagency.com\/\",\"name\":\"Alpes Agency\",\"description\":\"Chalet holidays in the French Alpes\",\"publisher\":{\"@id\":\"https:\/\/www.alpesagency.com\/#organization\"},\"alternateName\":\"Alpes\",\"potentialAction\":[{\"@type\":\"SearchAction\",\"target\":{\"@type\":\"EntryPoint\",\"urlTemplate\":\"https:\/\/www.alpesagency.com\/?s={search_term_string}\"},\"query-input\":{\"@type\":\"PropertyValueSpecification\",\"valueRequired\":true,\"valueName\":\"search_term_string\"}}],\"inLanguage\":\"fr-FR\"},{\"@type\":\"Organization\",\"@id\":\"https:\/\/www.alpesagency.com\/#organization\",\"name\":\"Alpes Agency\",\"alternateName\":\"Alpes\",\"url\":\"https:\/\/www.alpesagency.com\/\",\"logo\":{\"@type\":\"ImageObject\",\"inLanguage\":\"fr-FR\",\"@id\":\"https:\/\/www.alpesagency.com\/#\/schema\/logo\/image\/\",\"url\":\"https:\/\/www.alpesagency.com\/wp-content\/uploads\/2023\/02\/room.jpg\",\"contentUrl\":\"https:\/\/www.alpesagency.com\/wp-content\/uploads\/2023\/02\/room.jpg\",\"width\":1320,\"height\":800,\"caption\":\"Alpes Agency\"},\"image\":{\"@id\":\"https:\/\/www.alpesagency.com\/#\/schema\/logo\/image\/\"},\"sameAs\":[\"https:\/\/www.facebook.com\/alpesagencychamonix\/\"]}]}<\/script>\n<!-- \/ Yoast SEO Premium plugin. -->","yoast_head_json":{"title":"Mentions L\u00e9gales & Informations Obligatoires | Alpes Agency","robots":{"index":"index","follow":"follow","max-snippet":"max-snippet:-1","max-image-preview":"max-image-preview:large","max-video-preview":"max-video-preview:-1"},"canonical":"https:\/\/www.alpesagency.com\/fr\/legal-notice-mandatory-information\/","og_locale":"fr_FR","og_type":"article","og_title":"Mentions L\u00e9gales & Informations Obligatoires","og_description":"\u00c9diteur du Site Cook Location, op\u00e9rant sous le nom commercial Alpes AgencySi\u00e8ge social : 27 Avenue du Savoy, 74400 Chamonix-Mont-Blanc, FranceSIRET : 927 457 606 00014RCS Annecy : 927 457 606Capital social : 5 000,00 \u20acEmail : accounts@alpesagency.com H\u00e9bergement du Site Nom de l&rsquo;h\u00e9bergeur : IONOS Carte Professionnelle Carte professionnelle n\u00b0 CPI 7401 2024 000 [&hellip;]","og_url":"https:\/\/www.alpesagency.com\/fr\/legal-notice-mandatory-information\/","og_site_name":"Alpes Agency","article_publisher":"https:\/\/www.facebook.com\/alpesagencychamonix\/","article_modified_time":"2026-04-16T14:28:02+00:00","og_image":[{"width":1320,"height":800,"url":"https:\/\/www.alpesagency.com\/wp-content\/uploads\/2023\/02\/room.jpg","type":"image\/jpeg"}],"twitter_card":"summary_large_image","twitter_misc":{"Dur\u00e9e de lecture estim\u00e9e":"2 minutes"},"schema":{"@context":"https:\/\/schema.org","@graph":[{"@type":"WebPage","@id":"https:\/\/www.alpesagency.com\/fr\/legal-notice-mandatory-information\/","url":"https:\/\/www.alpesagency.com\/fr\/legal-notice-mandatory-information\/","name":"Mentions L\u00e9gales & Informations Obligatoires | Alpes Agency","isPartOf":{"@id":"https:\/\/www.alpesagency.com\/#website"},"datePublished":"2025-06-10T14:44:31+00:00","dateModified":"2026-04-16T14:28:02+00:00","breadcrumb":{"@id":"https:\/\/www.alpesagency.com\/fr\/legal-notice-mandatory-information\/#breadcrumb"},"inLanguage":"fr-FR","potentialAction":[{"@type":"ReadAction","target":["https:\/\/www.alpesagency.com\/fr\/legal-notice-mandatory-information\/"]}]},{"@type":"BreadcrumbList","@id":"https:\/\/www.alpesagency.com\/fr\/legal-notice-mandatory-information\/#breadcrumb","itemListElement":[{"@type":"ListItem","position":1,"name":"Home","item":"https:\/\/www.alpesagency.com\/fr\/"},{"@type":"ListItem","position":2,"name":"Mentions L\u00e9gales &#038; Informations Obligatoires"}]},{"@type":"WebSite","@id":"https:\/\/www.alpesagency.com\/#website","url":"https:\/\/www.alpesagency.com\/","name":"Alpes Agency","description":"Chalet holidays in the French Alpes","publisher":{"@id":"https:\/\/www.alpesagency.com\/#organization"},"alternateName":"Alpes","potentialAction":[{"@type":"SearchAction","target":{"@type":"EntryPoint","urlTemplate":"https:\/\/www.alpesagency.com\/?s={search_term_string}"},"query-input":{"@type":"PropertyValueSpecification","valueRequired":true,"valueName":"search_term_string"}}],"inLanguage":"fr-FR"},{"@type":"Organization","@id":"https:\/\/www.alpesagency.com\/#organization","name":"Alpes Agency","alternateName":"Alpes","url":"https:\/\/www.alpesagency.com\/","logo":{"@type":"ImageObject","inLanguage":"fr-FR","@id":"https:\/\/www.alpesagency.com\/#\/schema\/logo\/image\/","url":"https:\/\/www.alpesagency.com\/wp-content\/uploads\/2023\/02\/room.jpg","contentUrl":"https:\/\/www.alpesagency.com\/wp-content\/uploads\/2023\/02\/room.jpg","width":1320,"height":800,"caption":"Alpes Agency"},"image":{"@id":"https:\/\/www.alpesagency.com\/#\/schema\/logo\/image\/"},"sameAs":["https:\/\/www.facebook.com\/alpesagencychamonix\/"]}]}},"_links":{"self":[{"href":"https:\/\/www.alpesagency.com\/fr\/wp-json\/wp\/v2\/pages\/10269","targetHints":{"allow":["GET"]}}],"collection":[{"href":"https:\/\/www.alpesagency.com\/fr\/wp-json\/wp\/v2\/pages"}],"about":[{"href":"https:\/\/www.alpesagency.com\/fr\/wp-json\/wp\/v2\/types\/page"}],"author":[{"embeddable":true,"href":"https:\/\/www.alpesagency.com\/fr\/wp-json\/wp\/v2\/users\/2"}],"replies":[{"embeddable":true,"href":"https:\/\/www.alpesagency.com\/fr\/wp-json\/wp\/v2\/comments?post=10269"}],"version-history":[{"count":8,"href":"https:\/\/www.alpesagency.com\/fr\/wp-json\/wp\/v2\/pages\/10269\/revisions"}],"predecessor-version":[{"id":11721,"href":"https:\/\/www.alpesagency.com\/fr\/wp-json\/wp\/v2\/pages\/10269\/revisions\/11721"}],"wp:attachment":[{"href":"https:\/\/www.alpesagency.com\/fr\/wp-json\/wp\/v2\/media?parent=10269"}],"curies":[{"name":"wp","href":"https:\/\/api.w.org\/{rel}","templated":true}]}}